{"id":22,"date":"2021-05-16T20:23:24","date_gmt":"2021-05-16T18:23:24","guid":{"rendered":"https:\/\/halbert-gmbh.de\/?page_id=22"},"modified":"2021-05-31T16:11:39","modified_gmt":"2021-05-31T14:11:39","slug":"kontakt","status":"publish","type":"page","link":"https:\/\/halbert-gmbh.de\/en\/kontakt\/","title":{"rendered":"Contact"},"content":{"rendered":"<div data-elementor-type=\"wp-page\" data-elementor-id=\"22\" class=\"elementor elementor-22\">\n\t\t\t\t\t\t\t\t\t<section class=\"elementor-section elementor-top-section elementor-element elementor-element-0bc829c elementor-section-height-min-height elementor-section-boxed elementor-section-height-default elementor-section-items-middle\" data-id=\"0bc829c\" data-element_type=\"section\" data-settings=\"{&quot;background_background&quot;:&quot;video&quot;,&quot;background_video_link&quot;:&quot;https:\\\/\\\/halbert-gmbh.de\\\/wp-content\\\/uploads\\\/2021\\\/05\\\/halbert-gmbh-foliendruck-moebeldruck.mp4&quot;,&quot;background_play_on_mobile&quot;:&quot;yes&quot;}\">\n\t\t\t\t\t\t\t\t<div class=\"elementor-background-video-container\">\n\t\t\t\t\t\t\t\t\t\t\t\t\t<video class=\"elementor-background-video-hosted elementor-html5-video\" autoplay muted playsinline loop><\/video>\n\t\t\t\t\t\t\t\t\t\t\t<\/div>\n\t\t\t\t\t\t\t\t\t<div class=\"elementor-background-overlay\"><\/div>\n\t\t\t\t\t\t\t<div class=\"elementor-container elementor-column-gap-default\">\n\t\t\t\t\t<div class=\"elementor-column elementor-col-100 elementor-top-column elementor-element elementor-element-e685aae\" data-id=\"e685aae\" data-element_type=\"column\" data-settings=\"{&quot;background_background&quot;:&quot;classic&quot;}\">\n\t\t\t<div class=\"elementor-widget-wrap elementor-element-populated\">\n\t\t\t\t\t<div class=\"elementor-background-overlay\"><\/div>\n\t\t\t\t\t\t\t\t<div class=\"elementor-element elementor-element-8ceef6c elementor-widget__width-auto elementor-absolute elementor-widget elementor-widget-menu-anchor\" data-id=\"8ceef6c\" data-element_type=\"widget\" data-settings=\"{&quot;_position&quot;:&quot;absolute&quot;}\" data-widget_type=\"menu-anchor.default\">\n\t\t\t\t<div class=\"elementor-widget-container\">\n\t\t\t\t\t<div id=\"start\" class=\"elementor-menu-anchor\"><\/div>\n\t\t\t\t<\/div>\n\t\t\t\t<\/div>\n\t\t\t\t\t<\/div>\n\t\t<\/div>\n\t\t\t\t\t\t\t<\/div>\n\t\t<\/section>\n\t\t\t\t<section class=\"elementor-section elementor-top-section elementor-element elementor-element-2cc550f elementor-section-height-min-height elementor-section-boxed elementor-section-height-default elementor-section-items-middle\" data-id=\"2cc550f\" data-element_type=\"section\" data-settings=\"{&quot;background_background&quot;:&quot;classic&quot;}\">\n\t\t\t\t\t\t\t<div class=\"elementor-background-overlay\"><\/div>\n\t\t\t\t\t\t\t<div class=\"elementor-container elementor-column-gap-default\">\n\t\t\t\t\t<div class=\"elementor-column elementor-col-100 elementor-top-column elementor-element elementor-element-6669312\" data-id=\"6669312\" data-element_type=\"column\" data-settings=\"{&quot;background_background&quot;:&quot;classic&quot;}\">\n\t\t\t<div class=\"elementor-widget-wrap elementor-element-populated\">\n\t\t\t\t\t<div class=\"elementor-background-overlay\"><\/div>\n\t\t\t\t\t\t\t\t<div class=\"elementor-element elementor-element-a6abd3d elementor-widget elementor-widget-heading\" data-id=\"a6abd3d\" data-element_type=\"widget\" data-widget_type=\"heading.default\">\n\t\t\t\t<div class=\"elementor-widget-container\">\n\t\t\t<h2 class=\"elementor-heading-title elementor-size-large\">Halbert <span style=\"color:black\"> GmbH <\/span> Foliendruck<\/h2>\t\t<\/div>\n\t\t\t\t<\/div>\n\t\t\t\t<div class=\"elementor-element elementor-element-dd68623 elementor-widget-divider--view-line elementor-widget elementor-widget-divider\" data-id=\"dd68623\" data-element_type=\"widget\" data-widget_type=\"divider.default\">\n\t\t\t\t<div class=\"elementor-widget-container\">\n\t\t\t\t\t<div class=\"elementor-divider\">\n\t\t\t<span class=\"elementor-divider-separator\">\n\t\t\t\t\t\t<\/span>\n\t\t<\/div>\n\t\t\t\t<\/div>\n\t\t\t\t<\/div>\n\t\t\t\t<div class=\"elementor-element elementor-element-5cb5d4a elementor-widget elementor-widget-text-editor\" data-id=\"5cb5d4a\" data-element_type=\"widget\" data-widget_type=\"text-editor.default\">\n\t\t\t\t<div class=\"elementor-widget-container\">\n\t\t\t\t\t\t\t<div id=\"stacks_out_35419_page2\" class=\"stacks_out\"><div id=\"stacks_in_35419_page2\" class=\"stacks_in com_yourhead_stack_header_stack\"><p>Halbert Foliendruck<\/p><\/div><\/div><div id=\"stacks_out_35421_page2\" class=\"stacks_out\"><div id=\"stacks_in_35421_page2\" class=\"stacks_in text_stack\"><p>Meierweg 1<br \/>32549 Bad Oeynhausen<br \/>GERMANY<\/p><p>Phone <a href=\"tel: 495731741169\">+49 (0)5731 741169<\/a><br \/>Fax +49 (0)5731 741184<\/p><\/div><p><a href=\"mailto:info@halbert-foliendruck.de\">info@halbert-foliendruck.de<\/a><\/p><\/div>\t\t\t\t\t\t<\/div>\n\t\t\t\t<\/div>\n\t\t\t\t\t<\/div>\n\t\t<\/div>\n\t\t\t\t\t\t\t<\/div>\n\t\t<\/section>\n\t\t\t\t<section class=\"elementor-section elementor-top-section elementor-element elementor-element-995fc81 elementor-section-boxed elementor-section-height-default elementor-section-height-default\" data-id=\"995fc81\" data-element_type=\"section\" data-settings=\"{&quot;background_background&quot;:&quot;none&quot;}\">\n\t\t\t\t\t\t<div class=\"elementor-container elementor-column-gap-default\">\n\t\t\t\t\t<div class=\"elementor-column elementor-col-100 elementor-top-column elementor-element elementor-element-7b669d0\" data-id=\"7b669d0\" data-element_type=\"column\">\n\t\t\t<div class=\"elementor-widget-wrap elementor-element-populated\">\n\t\t\t\t\t\t\t\t<div class=\"elementor-element elementor-element-8d8b862 elementor-widget elementor-widget-heading\" data-id=\"8d8b862\" data-element_type=\"widget\" data-widget_type=\"heading.default\">\n\t\t\t\t<div class=\"elementor-widget-container\">\n\t\t\t<h3 class=\"elementor-heading-title elementor-size-large\">Talk to us<\/h3>\t\t<\/div>\n\t\t\t\t<\/div>\n\t\t\t\t<div class=\"elementor-element elementor-element-85ccd0e elementor-widget-divider--view-line elementor-widget elementor-widget-divider\" data-id=\"85ccd0e\" data-element_type=\"widget\" data-widget_type=\"divider.default\">\n\t\t\t\t<div class=\"elementor-widget-container\">\n\t\t\t\t\t<div class=\"elementor-divider\">\n\t\t\t<span class=\"elementor-divider-separator\">\n\t\t\t\t\t\t<\/span>\n\t\t<\/div>\n\t\t\t\t<\/div>\n\t\t\t\t<\/div>\n\t\t\t\t<section class=\"elementor-section elementor-inner-section elementor-element elementor-element-aecb5d4 elementor-section-boxed elementor-section-height-default elementor-section-height-default\" data-id=\"aecb5d4\" data-element_type=\"section\">\n\t\t\t\t\t\t<div class=\"elementor-container elementor-column-gap-no\">\n\t\t\t\t\t<div class=\"elementor-column elementor-col-50 elementor-inner-column elementor-element elementor-element-113f0c7\" data-id=\"113f0c7\" data-element_type=\"column\">\n\t\t\t<div class=\"elementor-widget-wrap elementor-element-populated\">\n\t\t\t\t\t\t\t\t<div class=\"elementor-element elementor-element-8a9e032 elementor-widget elementor-widget-image\" data-id=\"8a9e032\" data-element_type=\"widget\" data-widget_type=\"image.default\">\n\t\t\t\t<div class=\"elementor-widget-container\">\n\t\t\t\t\t\t\t\t\t\t\t\t\t\t\t<img loading=\"lazy\" decoding=\"async\" width=\"800\" height=\"450\" src=\"https:\/\/halbert-gmbh.de\/wp-content\/uploads\/2021\/05\/halbert-gmbh-foliendruck-moebeldruck-hasan-tayiz-geschaeftsfuehrer-1024x576.jpg\" class=\"attachment-large size-large wp-image-172\" alt=\"\" srcset=\"https:\/\/halbert-gmbh.de\/wp-content\/uploads\/2021\/05\/halbert-gmbh-foliendruck-moebeldruck-hasan-tayiz-geschaeftsfuehrer-1024x576.jpg 1024w, https:\/\/halbert-gmbh.de\/wp-content\/uploads\/2021\/05\/halbert-gmbh-foliendruck-moebeldruck-hasan-tayiz-geschaeftsfuehrer-300x169.jpg 300w, https:\/\/halbert-gmbh.de\/wp-content\/uploads\/2021\/05\/halbert-gmbh-foliendruck-moebeldruck-hasan-tayiz-geschaeftsfuehrer-768x432.jpg 768w, https:\/\/halbert-gmbh.de\/wp-content\/uploads\/2021\/05\/halbert-gmbh-foliendruck-moebeldruck-hasan-tayiz-geschaeftsfuehrer-1536x864.jpg 1536w, https:\/\/halbert-gmbh.de\/wp-content\/uploads\/2021\/05\/halbert-gmbh-foliendruck-moebeldruck-hasan-tayiz-geschaeftsfuehrer-2048x1152.jpg 2048w\" sizes=\"auto, (max-width: 800px) 100vw, 800px\" \/>\t\t\t\t\t\t\t\t\t\t\t\t\t\t\t<\/div>\n\t\t\t\t<\/div>\n\t\t\t\t<div class=\"elementor-element elementor-element-022fc57 elementor-widget elementor-widget-text-editor\" data-id=\"022fc57\" data-element_type=\"widget\" data-widget_type=\"text-editor.default\">\n\t\t\t\t<div class=\"elementor-widget-container\">\n\t\t\t\t\t\t\t<div id=\"stacks_out_35363_page2\" class=\"stacks_out\"><div id=\"stacks_in_35363_page2\" class=\"stacks_in com_yourhead_stack_header_stack\"><p>Hasan Tayiz | Gesch\u00e4ftsf\u00fchrender Gesellschafter<\/p><p><a href=\"tel: 491729065167\">Tel: +49 (0) 172 9065167<\/a><\/p><\/div><\/div>\t\t\t\t\t\t<\/div>\n\t\t\t\t<\/div>\n\t\t\t\t\t<\/div>\n\t\t<\/div>\n\t\t\t\t<div class=\"elementor-column elementor-col-50 elementor-inner-column elementor-element elementor-element-de6976f\" data-id=\"de6976f\" data-element_type=\"column\">\n\t\t\t<div class=\"elementor-widget-wrap elementor-element-populated\">\n\t\t\t\t\t\t\t\t<div class=\"elementor-element elementor-element-892b2cf elementor-widget elementor-widget-image\" data-id=\"892b2cf\" data-element_type=\"widget\" data-widget_type=\"image.default\">\n\t\t\t\t<div class=\"elementor-widget-container\">\n\t\t\t\t\t\t\t\t\t\t\t\t\t\t\t<img loading=\"lazy\" decoding=\"async\" width=\"800\" height=\"450\" src=\"https:\/\/halbert-gmbh.de\/wp-content\/uploads\/2021\/05\/halbert-gmbh-foliendruck-moebeldruck-marcus-bruhn-geschaeftsfuehrer-1024x576.jpg\" class=\"attachment-large size-large wp-image-175\" alt=\"\" srcset=\"https:\/\/halbert-gmbh.de\/wp-content\/uploads\/2021\/05\/halbert-gmbh-foliendruck-moebeldruck-marcus-bruhn-geschaeftsfuehrer-1024x576.jpg 1024w, https:\/\/halbert-gmbh.de\/wp-content\/uploads\/2021\/05\/halbert-gmbh-foliendruck-moebeldruck-marcus-bruhn-geschaeftsfuehrer-300x169.jpg 300w, https:\/\/halbert-gmbh.de\/wp-content\/uploads\/2021\/05\/halbert-gmbh-foliendruck-moebeldruck-marcus-bruhn-geschaeftsfuehrer-768x432.jpg 768w, https:\/\/halbert-gmbh.de\/wp-content\/uploads\/2021\/05\/halbert-gmbh-foliendruck-moebeldruck-marcus-bruhn-geschaeftsfuehrer-1536x864.jpg 1536w, https:\/\/halbert-gmbh.de\/wp-content\/uploads\/2021\/05\/halbert-gmbh-foliendruck-moebeldruck-marcus-bruhn-geschaeftsfuehrer-2048x1152.jpg 2048w\" sizes=\"auto, (max-width: 800px) 100vw, 800px\" \/>\t\t\t\t\t\t\t\t\t\t\t\t\t\t\t<\/div>\n\t\t\t\t<\/div>\n\t\t\t\t<div class=\"elementor-element elementor-element-9eea21b elementor-widget elementor-widget-text-editor\" data-id=\"9eea21b\" data-element_type=\"widget\" data-widget_type=\"text-editor.default\">\n\t\t\t\t<div class=\"elementor-widget-container\">\n\t\t\t\t\t\t\t<div id=\"stacks_out_35363_page2\" class=\"stacks_out\"><div id=\"stacks_in_35363_page2\" class=\"stacks_in com_yourhead_stack_header_stack\"><div id=\"stacks_out_35300_page2\" class=\"stacks_out\"><div id=\"stacks_in_35300_page2\" class=\"stacks_in com_yourhead_stack_header_stack\"><p>Marcus Bruhn | Gesch\u00e4ftsf\u00fchrung<\/p><\/div><\/div><p><a href=\"tel: 491717201740\">Tel: +49 (0) 171 7201740<\/a><\/p><\/div><\/div>\t\t\t\t\t\t<\/div>\n\t\t\t\t<\/div>\n\t\t\t\t\t<\/div>\n\t\t<\/div>\n\t\t\t\t\t\t\t<\/div>\n\t\t<\/section>\n\t\t\t\t\t<\/div>\n\t\t<\/div>\n\t\t\t\t\t\t\t<\/div>\n\t\t<\/section>\n\t\t\t\t<section class=\"elementor-section elementor-top-section elementor-element elementor-element-c114ffa elementor-section-boxed elementor-section-height-default elementor-section-height-default\" data-id=\"c114ffa\" data-element_type=\"section\" data-settings=\"{&quot;background_background&quot;:&quot;none&quot;}\">\n\t\t\t\t\t\t<div class=\"elementor-container elementor-column-gap-default\">\n\t\t\t\t\t<div class=\"elementor-column elementor-col-100 elementor-top-column elementor-element elementor-element-7b85aeb\" data-id=\"7b85aeb\" data-element_type=\"column\">\n\t\t\t<div class=\"elementor-widget-wrap elementor-element-populated\">\n\t\t\t\t\t\t\t\t<div class=\"elementor-element elementor-element-b825a97 elementor-widget elementor-widget-google_maps\" data-id=\"b825a97\" data-element_type=\"widget\" data-widget_type=\"google_maps.default\">\n\t\t\t\t<div class=\"elementor-widget-container\">\n\t\t\t\t\t<div class=\"elementor-custom-embed\">\n\t\t\t<iframe loading=\"lazy\"\n\t\t\t\t\tsrc=\"https:\/\/maps.google.com\/maps?q=Meierweg%201%2032549%20Bad%20Oeynhausen&#038;t=m&#038;z=10&#038;output=embed&#038;iwloc=near\"\n\t\t\t\t\ttitle=\"Meierweg 1 32549 Bad Oeynhausen\"\n\t\t\t\t\taria-label=\"Meierweg 1 32549 Bad Oeynhausen\"\n\t\t\t><\/iframe>\n\t\t<\/div>\n\t\t\t\t<\/div>\n\t\t\t\t<\/div>\n\t\t\t\t\t<\/div>\n\t\t<\/div>\n\t\t\t\t\t\t\t<\/div>\n\t\t<\/section>\n\t\t\t\t<section class=\"elementor-section elementor-top-section elementor-element elementor-element-7a8ee42 elementor-section-boxed elementor-section-height-default elementor-section-height-default\" data-id=\"7a8ee42\" data-element_type=\"section\">\n\t\t\t\t\t\t<div class=\"elementor-container elementor-column-gap-no\">\n\t\t\t\t\t\t\t\t<\/div>\n\t\t<\/section>\n\t\t\t\t\t\t\t<\/div>","protected":false},"excerpt":{"rendered":"<p>Halbert GmbH Foliendruck Halbert Foliendruck Meierweg 132549 Bad OeynhausenDEUTSCHLAND Telefon +49 (0)5731 741169Telefax +49 (0)5731 741184 info@halbert-foliendruck.de Ihre Ansprechpartner Hasan Tayiz | Gesch\u00e4ftsf\u00fchrender Gesellschafter Tel: +49 (0) 172 9065167 Marcus Bruhn | Gesch\u00e4ftsf\u00fchrung Tel: +49 (0) 171 7201740<\/p>","protected":false},"author":1,"featured_media":0,"parent":0,"menu_order":0,"comment_status":"closed","ping_status":"closed","template":"","meta":{"_mi_skip_tracking":false,"_monsterinsights_sitenote_active":false,"_monsterinsights_sitenote_note":"","_monsterinsights_sitenote_category":0,"footnotes":""},"class_list":["post-22","page","type-page","status-publish","hentry"],"yoast_head":"<!-- This site is optimized with the Yoast SEO plugin v20.13 - https:\/\/yoast.com\/wordpress\/plugins\/seo\/ -->\n<title>Kontakt - halbert-gmbh.de<\/title>\n<meta name=\"robots\" content=\"index, follow, max-snippet:-1, max-image-preview:large, max-video-preview:-1\" \/>\n<link rel=\"canonical\" href=\"https:\/\/halbert-gmbh.de\/en\/kontakt\/\" \/>\n<meta property=\"og:locale\" content=\"en_US\" \/>\n<meta property=\"og:type\" content=\"article\" \/>\n<meta property=\"og:title\" content=\"Kontakt - halbert-gmbh.de\" \/>\n<meta property=\"og:description\" content=\"Halbert GmbH Foliendruck Halbert Foliendruck Meierweg 132549 Bad OeynhausenDEUTSCHLAND Telefon +49 (0)5731 741169Telefax +49 (0)5731 741184 info@halbert-foliendruck.de Ihre Ansprechpartner Hasan Tayiz | Gesch\u00e4ftsf\u00fchrender Gesellschafter Tel: +49 (0) 172 9065167 Marcus Bruhn | Gesch\u00e4ftsf\u00fchrung Tel: +49 (0) 171 7201740\" \/>\n<meta property=\"og:url\" content=\"https:\/\/halbert-gmbh.de\/en\/kontakt\/\" \/>\n<meta property=\"og:site_name\" content=\"halbert-gmbh.de\" \/>\n<meta property=\"article:modified_time\" content=\"2021-05-31T14:11:39+00:00\" \/>\n<meta property=\"og:image\" content=\"https:\/\/halbert-gmbh.de\/wp-content\/uploads\/2021\/05\/halbert-gmbh-foliendruck-moebeldruck-hasan-tayiz-geschaeftsfuehrer-1024x576.jpg\" \/>\n<meta name=\"twitter:card\" content=\"summary_large_image\" \/>\n<meta name=\"twitter:label1\" content=\"Est. reading time\" \/>\n\t<meta name=\"twitter:data1\" content=\"1 minute\" \/>\n<script type=\"application\/ld+json\" class=\"yoast-schema-graph\">{\"@context\":\"https:\/\/schema.org\",\"@graph\":[{\"@type\":\"WebPage\",\"@id\":\"https:\/\/halbert-gmbh.de\/kontakt\/\",\"url\":\"https:\/\/halbert-gmbh.de\/kontakt\/\",\"name\":\"Kontakt - halbert-gmbh.de\",\"isPartOf\":{\"@id\":\"https:\/\/halbert-gmbh.de\/#website\"},\"datePublished\":\"2021-05-16T18:23:24+00:00\",\"dateModified\":\"2021-05-31T14:11:39+00:00\",\"breadcrumb\":{\"@id\":\"https:\/\/halbert-gmbh.de\/kontakt\/#breadcrumb\"},\"inLanguage\":\"en-US\",\"potentialAction\":[{\"@type\":\"ReadAction\",\"target\":[\"https:\/\/halbert-gmbh.de\/kontakt\/\"]}]},{\"@type\":\"BreadcrumbList\",\"@id\":\"https:\/\/halbert-gmbh.de\/kontakt\/#breadcrumb\",\"itemListElement\":[{\"@type\":\"ListItem\",\"position\":1,\"name\":\"Startseite\",\"item\":\"https:\/\/halbert-gmbh.de\/\"},{\"@type\":\"ListItem\",\"position\":2,\"name\":\"Kontakt\"}]},{\"@type\":\"WebSite\",\"@id\":\"https:\/\/halbert-gmbh.de\/#website\",\"url\":\"https:\/\/halbert-gmbh.de\/\",\"name\":\"halbert-gmbh.de\",\"description\":\"Foliendruck in Bad Oeynhausen\",\"publisher\":{\"@id\":\"https:\/\/halbert-gmbh.de\/#organization\"},\"potentialAction\":[{\"@type\":\"SearchAction\",\"target\":{\"@type\":\"EntryPoint\",\"urlTemplate\":\"https:\/\/halbert-gmbh.de\/?s={search_term_string}\"},\"query-input\":\"required name=search_term_string\"}],\"inLanguage\":\"en-US\"},{\"@type\":\"Organization\",\"@id\":\"https:\/\/halbert-gmbh.de\/#organization\",\"name\":\"halbert-gmbh.de\",\"url\":\"https:\/\/halbert-gmbh.de\/\",\"logo\":{\"@type\":\"ImageObject\",\"inLanguage\":\"en-US\",\"@id\":\"https:\/\/halbert-gmbh.de\/#\/schema\/logo\/image\/\",\"url\":\"https:\/\/halbert-gmbh.de\/wp-content\/uploads\/2021\/05\/cropped-Logo.png\",\"contentUrl\":\"https:\/\/halbert-gmbh.de\/wp-content\/uploads\/2021\/05\/cropped-Logo.png\",\"width\":558,\"height\":203,\"caption\":\"halbert-gmbh.de\"},\"image\":{\"@id\":\"https:\/\/halbert-gmbh.de\/#\/schema\/logo\/image\/\"}}]}<\/script>\n<!-- \/ Yoast SEO plugin. -->","yoast_head_json":{"title":"Kontakt - halbert-gmbh.de","robots":{"index":"index","follow":"follow","max-snippet":"max-snippet:-1","max-image-preview":"max-image-preview:large","max-video-preview":"max-video-preview:-1"},"canonical":"https:\/\/halbert-gmbh.de\/en\/kontakt\/","og_locale":"en_US","og_type":"article","og_title":"Kontakt - halbert-gmbh.de","og_description":"Halbert GmbH Foliendruck Halbert Foliendruck Meierweg 132549 Bad OeynhausenDEUTSCHLAND Telefon +49 (0)5731 741169Telefax +49 (0)5731 741184 info@halbert-foliendruck.de Ihre Ansprechpartner Hasan Tayiz | Gesch\u00e4ftsf\u00fchrender Gesellschafter Tel: +49 (0) 172 9065167 Marcus Bruhn | Gesch\u00e4ftsf\u00fchrung Tel: +49 (0) 171 7201740","og_url":"https:\/\/halbert-gmbh.de\/en\/kontakt\/","og_site_name":"halbert-gmbh.de","article_modified_time":"2021-05-31T14:11:39+00:00","og_image":[{"url":"https:\/\/halbert-gmbh.de\/wp-content\/uploads\/2021\/05\/halbert-gmbh-foliendruck-moebeldruck-hasan-tayiz-geschaeftsfuehrer-1024x576.jpg"}],"twitter_card":"summary_large_image","twitter_misc":{"Est. reading time":"1 minute"},"schema":{"@context":"https:\/\/schema.org","@graph":[{"@type":"WebPage","@id":"https:\/\/halbert-gmbh.de\/kontakt\/","url":"https:\/\/halbert-gmbh.de\/kontakt\/","name":"Kontakt - halbert-gmbh.de","isPartOf":{"@id":"https:\/\/halbert-gmbh.de\/#website"},"datePublished":"2021-05-16T18:23:24+00:00","dateModified":"2021-05-31T14:11:39+00:00","breadcrumb":{"@id":"https:\/\/halbert-gmbh.de\/kontakt\/#breadcrumb"},"inLanguage":"en-US","potentialAction":[{"@type":"ReadAction","target":["https:\/\/halbert-gmbh.de\/kontakt\/"]}]},{"@type":"BreadcrumbList","@id":"https:\/\/halbert-gmbh.de\/kontakt\/#breadcrumb","itemListElement":[{"@type":"ListItem","position":1,"name":"Startseite","item":"https:\/\/halbert-gmbh.de\/"},{"@type":"ListItem","position":2,"name":"Kontakt"}]},{"@type":"WebSite","@id":"https:\/\/halbert-gmbh.de\/#website","url":"https:\/\/halbert-gmbh.de\/","name":"halbert-gmbh.de","description":"Foliendruck in Bad Oeynhausen","publisher":{"@id":"https:\/\/halbert-gmbh.de\/#organization"},"potentialAction":[{"@type":"SearchAction","target":{"@type":"EntryPoint","urlTemplate":"https:\/\/halbert-gmbh.de\/?s={search_term_string}"},"query-input":"required name=search_term_string"}],"inLanguage":"en-US"},{"@type":"Organization","@id":"https:\/\/halbert-gmbh.de\/#organization","name":"halbert-gmbh.de","url":"https:\/\/halbert-gmbh.de\/","logo":{"@type":"ImageObject","inLanguage":"en-US","@id":"https:\/\/halbert-gmbh.de\/#\/schema\/logo\/image\/","url":"https:\/\/halbert-gmbh.de\/wp-content\/uploads\/2021\/05\/cropped-Logo.png","contentUrl":"https:\/\/halbert-gmbh.de\/wp-content\/uploads\/2021\/05\/cropped-Logo.png","width":558,"height":203,"caption":"halbert-gmbh.de"},"image":{"@id":"https:\/\/halbert-gmbh.de\/#\/schema\/logo\/image\/"}}]}},"_links":{"self":[{"href":"https:\/\/halbert-gmbh.de\/en\/wp-json\/wp\/v2\/pages\/22","targetHints":{"allow":["GET"]}}],"collection":[{"href":"https:\/\/halbert-gmbh.de\/en\/wp-json\/wp\/v2\/pages"}],"about":[{"href":"https:\/\/halbert-gmbh.de\/en\/wp-json\/wp\/v2\/types\/page"}],"author":[{"embeddable":true,"href":"https:\/\/halbert-gmbh.de\/en\/wp-json\/wp\/v2\/users\/1"}],"replies":[{"embeddable":true,"href":"https:\/\/halbert-gmbh.de\/en\/wp-json\/wp\/v2\/comments?post=22"}],"version-history":[{"count":10,"href":"https:\/\/halbert-gmbh.de\/en\/wp-json\/wp\/v2\/pages\/22\/revisions"}],"predecessor-version":[{"id":803,"href":"https:\/\/halbert-gmbh.de\/en\/wp-json\/wp\/v2\/pages\/22\/revisions\/803"}],"wp:attachment":[{"href":"https:\/\/halbert-gmbh.de\/en\/wp-json\/wp\/v2\/media?parent=22"}],"curies":[{"name":"wp","href":"https:\/\/api.w.org\/{rel}","templated":true}]}}